{"id":7,"date":"2019-04-22T17:12:00","date_gmt":"2019-04-22T15:12:00","guid":{"rendered":"http:\/\/veriv.pokrzywko.com\/?page_id=7"},"modified":"2021-12-30T17:40:30","modified_gmt":"2021-12-30T16:40:30","slug":"home-2","status":"publish","type":"page","link":"https:\/\/veriv.eu\/index.php\/home-2\/","title":{"rendered":"Kancelaria Prawna"},"content":{"rendered":"<p>[vc_row][vc_column][td_block_homepage_full_1 sort=&#8221;random_posts&#8221; category_id=&#8221;18&#8243;][\/vc_column][\/vc_row][vc_row][vc_column][\/vc_column][\/vc_row][vc_row][vc_column][td_block_big_grid_12 category_id=&#8221;24&#8243;][\/vc_column][\/vc_row][vc_row][vc_column][\/vc_column][\/vc_row][vc_row][vc_column][td_block_slide image_size=&#8221;&#8221; meta_info_vert=&#8221;content-vert-bottom&#8221; nav_icon_size=&#8221;eyJhbGwiOiI1NSIsInBvcnRyYWl0IjoiMzgifQ==&#8221; color_overlay=&#8221;eyJ0eXBlIjoiZ3JhZGllbnQiLCJjb2xvcjEiOiJyZ2JhKDAsMCwwLDApIiwiY29sb3IyIjoicmdiYSgwLDAsMCwwLjgpIiwibWl4ZWRDb2xvcnMiOlt7ImNvbG9yIjoicmdiYSgwLDAsMCwwKSIsInBlcmNlbnRhZ2UiOjUwfV0sImNzcyI6ImJhY2tncm91bmQ6IC13ZWJraXQtbGluZWFyLWdyYWRpZW50KDBkZWcscmdiYSgwLDAsMCwwLjgpLHJnYmEoMCwwLDAsMCkgNTAlLHJnYmEoMCwwLDAsMCkpO2JhY2tncm91bmQ6IGxpbmVhci1ncmFkaWVudCgwZGVnLHJnYmEoMCwwLDAsMC44KSxyZ2JhKDAsMCwwLDApIDUwJSxyZ2JhKDAsMCwwLDApKTsiLCJjc3NQYXJhbXMiOiIwZGVnLHJnYmEoMCwwLDAsMC44KSxyZ2JhKDAsMCwwLDApIDUwJSxyZ2JhKDAsMCwwLDApIn0=&#8221; limit=&#8221;100&#8243; sort=&#8221;random_posts&#8221; category_id=&#8221;27&#8243;][\/vc_column][\/vc_row][vc_row][vc_column][td_block_24 limit=&#8221;1&#8243; category_id=&#8221;21&#8243;][td_block_24 limit=&#8221;1&#8243; category_id=&#8221;23&#8243;][td_block_24 limit=&#8221;1&#8243; category_id=&#8221;61&#8243;][\/vc_column][\/vc_row][vc_row][vc_column][td_block_title title_tag=&#8221;h2&#8243; block_template_id=&#8221;td_block_template_17&#8243; header_color=&#8221;#1e73be&#8221; tdc_css=&#8221;eyJhbGwiOnsibWFyZ2luLWJvdHRvbSI6IjIwIiwiZGlzcGxheSI6IiJ9fQ==&#8221; bottom_border_color=&#8221;#eeee22&#8243; header_text_color=&#8221;#ffffff&#8221; top_border_color=&#8221;#dd3333&#8243; custom_title=&#8221;Informacje, wydarzenia TVPRESS.PL, \u015bledztwa dziennikarskie oraz afery \u0141owc\u00f3w Afer&#8221; custom_url=&#8221;www.tvpress.pl&#8221;][\/vc_column][\/vc_row][vc_row][vc_column width=&#8221;1\/2&#8243;][vc_column_text]<\/p>\n<p><iframe title=\"\u0141OWCY AFER, Raport Specjalny Mariusza Pokrzywko w sprawie Exdrob\" width=\"640\" height=\"360\" src=\"https:\/\/www.youtube.com\/embed\/RxKk9vDcdXc?feature=oembed\" frameborder=\"0\" allow=\"accelerometer; autoplay; clipboard-write; encrypted-media; gyroscope; picture-in-picture; web-share\" referrerpolicy=\"strict-origin-when-cross-origin\" allowfullscreen><\/iframe><\/p>\n<p>[\/vc_column_text][\/vc_column][vc_column width=&#8221;1\/2&#8243;][vc_column_text]<\/p>\n<p><iframe title=\"\u0141owcy Afer, Poszkodowani  otrzymaj\u0105 pomoc Investora Prawnego Veriv S.A. w aferze W Investments\" width=\"640\" height=\"360\" src=\"https:\/\/www.youtube.com\/embed\/q0Quwji4H0s?feature=oembed\" frameborder=\"0\" allow=\"accelerometer; autoplay; clipboard-write; encrypted-media; gyroscope; picture-in-picture; web-share\" referrerpolicy=\"strict-origin-when-cross-origin\" allowfullscreen><\/iframe><\/p>\n<p>[\/vc_column_text][\/vc_column][\/vc_row][vc_row][vc_column][td_block_24 category_id=&#8221;37&#8243;][\/vc_column][\/vc_row][vc_row][vc_column][td_block_title title_tag=&#8221;h2&#8243; block_template_id=&#8221;td_block_template_17&#8243; header_color=&#8221;#1e73be&#8221; tdc_css=&#8221;eyJhbGwiOnsibWFyZ2luLWJvdHRvbSI6IjIwIiwiZGlzcGxheSI6IiJ9fQ==&#8221; bottom_border_color=&#8221;#eeee22&#8243; header_text_color=&#8221;#ffffff&#8221; top_border_color=&#8221;#dd3333&#8243; custom_title=&#8221;Prywatny Detektyw Veriv S.A, Dochodzenia \u015bledztwa &#8211; Przest\u0119pczo\u015b\u0107 zorganizowana&#8221;][\/vc_column][\/vc_row][vc_row][vc_column][td_block_2 category_id=&#8221;24&#8243; m2_tl=&#8221;20&#8243; m2_el=&#8221;30&#8243; limit=&#8221;15&#8243;][\/vc_column][\/vc_row][vc_row][vc_column][td_block_title title_tag=&#8221;h2&#8243; block_template_id=&#8221;td_block_template_17&#8243; header_color=&#8221;#1e73be&#8221; tdc_css=&#8221;eyJhbGwiOnsibWFyZ2luLWJvdHRvbSI6IjIwIiwiZGlzcGxheSI6IiJ9fQ==&#8221; bottom_border_color=&#8221;#eeee22&#8243; header_text_color=&#8221;#ffffff&#8221; top_border_color=&#8221;#dd3333&#8243; custom_title=&#8221;Veriv S.A. &#8211; Windykacja i Obr\u00f3t Wierzytelno\u015bciami&#8221;][\/vc_column][\/vc_row][vc_row][vc_column][td_block_11 limit=&#8221;2&#8243; category_id=&#8221;26&#8243; m10_el=&#8221;50&#8243;][\/vc_column][\/vc_row][vc_row][vc_column][td_block_21 modules_category=&#8221;image&#8221; modules_on_row=&#8221;eyJhbGwiOiI1MCUiLCJsYW5kc2NhcGUiOiIxMDAlIn0=&#8221; modules_category1=&#8221;image&#8221; show_cat2=&#8221;none&#8221; show_com2=&#8221;none&#8221; show_author2=&#8221;none&#8221; columns=&#8221;50%&#8221; columns_gap=&#8221;eyJsYW5kc2NhcGUiOiI0MCIsInBvcnRyYWl0IjoiMjgifQ==&#8221; image_width2=&#8221;eyJwb3J0cmFpdCI6IjM1In0=&#8221; modules_space1=&#8221;eyJwaG9uZSI6IjIxIiwiYWxsIjoiMjEifQ==&#8221; limit=&#8221;4&#8243; show_excerpt1=&#8221;&#8221; show_excerpt2=&#8221;none&#8221; category_id=&#8221;63&#8243; m16_tl=&#8221;40&#8243; m16_el=&#8221;30&#8243;][\/vc_column][\/vc_row][vc_row][vc_column][td_block_title title_tag=&#8221;h2&#8243; block_template_id=&#8221;td_block_template_17&#8243; header_color=&#8221;#1e73be&#8221; tdc_css=&#8221;eyJhbGwiOnsibWFyZ2luLWJvdHRvbSI6IjIwIiwiZGlzcGxheSI6IiJ9fQ==&#8221; bottom_border_color=&#8221;#eeee22&#8243; header_text_color=&#8221;#ffffff&#8221; top_border_color=&#8221;#dd3333&#8243; custom_title=&#8221;Artyku\u0142y JM Network Television | tvpress.pl | \u0141owcy Afer&#8221; custom_url=&#8221;www.tvpress.pl&#8221;][\/vc_column][\/vc_row][vc_row][vc_column][td_block_2 limit=&#8221;3&#8243; m2_tl=&#8221;20&#8243; m6_tl=&#8221;20&#8243; category_id=&#8221;68&#8243; m2_el=&#8221;20&#8243;][td_block_2 category_id=&#8221;27&#8243; limit=&#8221;3&#8243;][\/vc_column][\/vc_row][vc_row][vc_column][td_block_title title_tag=&#8221;h2&#8243; block_template_id=&#8221;td_block_template_17&#8243; header_color=&#8221;#1e73be&#8221; tdc_css=&#8221;eyJhbGwiOnsibWFyZ2luLWJvdHRvbSI6IjIwIiwiZGlzcGxheSI6IiJ9fQ==&#8221; bottom_border_color=&#8221;#eeee22&#8243; header_text_color=&#8221;#ffffff&#8221; top_border_color=&#8221;#dd3333&#8243; custom_title=&#8221;Restrukturyzacja Przedsi\u0119biorstw   i Ochrona Danych Osobowych&#8221;][\/vc_column][\/vc_row][vc_row][vc_column][td_block_22 category_id=&#8221;22&#8243; m17_el=&#8221;60&#8243;][td_block_22 category_id=&#8221;20&#8243; m17_el=&#8221;60&#8243;][td_block_22 limit=&#8221;1&#8243; category_id=&#8221;65&#8243;][\/vc_column][\/vc_row][vc_row][vc_column][td_block_title title_tag=&#8221;h2&#8243; block_template_id=&#8221;td_block_template_17&#8243; header_color=&#8221;#1e73be&#8221; tdc_css=&#8221;eyJhbGwiOnsibWFyZ2luLWJvdHRvbSI6IjIwIiwiZGlzcGxheSI6IiJ9fQ==&#8221; bottom_border_color=&#8221;#eeee22&#8243; header_text_color=&#8221;#ffffff&#8221; top_border_color=&#8221;#dd3333&#8243; custom_title=&#8221;Kancelaria Prawna Pokrzywko | Prawo Karne, Cywilne i Gospodarcze&#8221;][\/vc_column][\/vc_row][vc_row][vc_column width=&#8221;1\/1&#8243;][vc_column_text]<\/p>\n<p>Pokrzywko\u00a0 S.K.A\u00a0 \u00a0to\u00a0 zesp\u00f3\u0142\u00a0 profesjonalist\u00f3w\u00a0 zajmuj\u0105cy\u00a0 si\u0119 sprawami\u00a0 o\u00a0 najwy\u017cszym poziomie zawi\u0142o\u015bci.\u00a0 Podejmiemy si\u0119 najbardziej skomplikowanych spraw zar\u00f3wno z\u00a0 zakresu prawa karnego, cywilnego, gospodarczego oraz spraw rozwodowych z udowodnieniem winy.\u00a0 Wsp\u00f3\u0142pracuj\u0105c\u00a0 \u00a0z\u00a0 Detektywami\u00a0 z Veriv dowodzimy, \u017ce\u00a0 nie ma\u00a0 spraw nie do\u00a0 \u00a0rozwi\u0105zania.\u00a0Wspieraj\u0105 nas r\u00f3wnie\u017c media takie jak np. TVPRESS.PL co znacznie w razie potrzeby pomaga w nag\u0142o\u015bnianiu medialnym sprawy. Dlatego te\u017c kunsztowno\u015b\u0107, pomys\u0142owo\u015b\u0107 oraz przenikliwo\u015b\u0107 naszych zespo\u0142\u00f3w nie ma sobie r\u00f3wnych.<\/p>\n<p>[\/vc_column_text][\/vc_column][\/vc_row][vc_row][vc_column][td_block_6 category_id=&#8221;18&#8243; limit=&#8221;9&#8243; sort=&#8221;random_posts&#8221;][\/vc_column][\/vc_row][vc_row][vc_column][\/vc_column][\/vc_row][vc_row][vc_column][\/vc_column][\/vc_row][vc_row][vc_column][\/vc_column][\/vc_row][vc_row][vc_column][\/vc_column][\/vc_row][vc_row][vc_column][\/vc_column][\/vc_row][vc_row][vc_column][\/vc_column][\/vc_row][vc_row][vc_column][\/vc_column][\/vc_row][vc_row][vc_column][\/vc_column][\/vc_row][vc_row][vc_column][\/vc_column][\/vc_row][vc_row][vc_column][\/vc_column][\/vc_row][vc_row][vc_column][td_block_title title_tag=&#8221;h2&#8243; block_template_id=&#8221;td_block_template_17&#8243; header_color=&#8221;#1e73be&#8221; tdc_css=&#8221;eyJhbGwiOnsibWFyZ2luLWJvdHRvbSI6IjIwIiwiZGlzcGxheSI6IiJ9fQ==&#8221; bottom_border_color=&#8221;#eeee22&#8243; header_text_color=&#8221;#dd3333&#8243; top_border_color=&#8221;#dd3333&#8243; custom_title=&#8221;RODO I REGULAMIN VERIV S.A oraz Pokrzywko S.K.A&#8221; custom_url=&#8221;https:\/\/pokrzywko.com\/index.php\/2019\/04\/20\/rodo-i-regulamin-veriv-s-a-i-pokrzywko-s-k-a\/&#8221;][\/vc_column][\/vc_row][vc_row][vc_column][td_block_22 category_id=&#8221;30&#8243;][\/vc_column][\/vc_row]<\/p>\n","protected":false},"excerpt":{"rendered":"<p>[vc_row][vc_column][td_block_homepage_full_1 sort=&#8221;random_posts&#8221; category_id=&#8221;18&#8243;][\/vc_column][\/vc_row][vc_row][vc_column][\/vc_column][\/vc_row][vc_row][vc_column][td_block_big_grid_12 category_id=&#8221;24&#8243;][\/vc_column][\/vc_row][vc_row][vc_column][\/vc_column][\/vc_row][vc_row][vc_column][td_block_slide image_size=&#8221;&#8221; meta_info_vert=&#8221;content-vert-bottom&#8221; nav_icon_size=&#8221;eyJhbGwiOiI1NSIsInBvcnRyYWl0IjoiMzgifQ==&#8221; color_overlay=&#8221;eyJ0eXBlIjoiZ3JhZGllbnQiLCJjb2xvcjEiOiJyZ2JhKDAsMCwwLDApIiwiY29sb3IyIjoicmdiYSgwLDAsMCwwLjgpIiwibWl4ZWRDb2xvcnMiOlt7ImNvbG9yIjoicmdiYSgwLDAsMCwwKSIsInBlcmNlbnRhZ2UiOjUwfV0sImNzcyI6ImJhY2tncm91bmQ6IC13ZWJraXQtbGluZWFyLWdyYWRpZW50KDBkZWcscmdiYSgwLDAsMCwwLjgpLHJnYmEoMCwwLDAsMCkgNTAlLHJnYmEoMCwwLDAsMCkpO2JhY2tncm91bmQ6IGxpbmVhci1ncmFkaWVudCgwZGVnLHJnYmEoMCwwLDAsMC44KSxyZ2JhKDAsMCwwLDApIDUwJSxyZ2JhKDAsMCwwLDApKTsiLCJjc3NQYXJhbXMiOiIwZGVnLHJnYmEoMCwwLDAsMC44KSxyZ2JhKDAsMCwwLDApIDUwJSxyZ2JhKDAsMCwwLDApIn0=&#8221; limit=&#8221;100&#8243; sort=&#8221;random_posts&#8221; category_id=&#8221;27&#8243;][\/vc_column][\/vc_row][vc_row][vc_column][td_block_24 limit=&#8221;1&#8243; category_id=&#8221;21&#8243;][td_block_24 limit=&#8221;1&#8243; category_id=&#8221;23&#8243;][td_block_24 limit=&#8221;1&#8243; category_id=&#8221;61&#8243;][\/vc_column][\/vc_row][vc_row][vc_column][td_block_title title_tag=&#8221;h2&#8243; block_template_id=&#8221;td_block_template_17&#8243; header_color=&#8221;#1e73be&#8221; tdc_css=&#8221;eyJhbGwiOnsibWFyZ2luLWJvdHRvbSI6IjIwIiwiZGlzcGxheSI6IiJ9fQ==&#8221; bottom_border_color=&#8221;#eeee22&#8243; header_text_color=&#8221;#ffffff&#8221; top_border_color=&#8221;#dd3333&#8243; custom_title=&#8221;Informacje, wydarzenia TVPRESS.PL, \u015bledztwa dziennikarskie oraz afery \u0141owc\u00f3w Afer&#8221; custom_url=&#8221;www.tvpress.pl&#8221;][\/vc_column][\/vc_row][vc_row][vc_column width=&#8221;1\/2&#8243;][vc_column_text] [\/vc_column_text][\/vc_column][vc_column width=&#8221;1\/2&#8243;][vc_column_text] [\/vc_column_text][\/vc_column][\/vc_row][vc_row][vc_column][td_block_24 category_id=&#8221;37&#8243;][\/vc_column][\/vc_row][vc_row][vc_column][td_block_title title_tag=&#8221;h2&#8243; block_template_id=&#8221;td_block_template_17&#8243; header_color=&#8221;#1e73be&#8221; tdc_css=&#8221;eyJhbGwiOnsibWFyZ2luLWJvdHRvbSI6IjIwIiwiZGlzcGxheSI6IiJ9fQ==&#8221; bottom_border_color=&#8221;#eeee22&#8243; header_text_color=&#8221;#ffffff&#8221; top_border_color=&#8221;#dd3333&#8243; custom_title=&#8221;Prywatny Detektyw Veriv S.A, Dochodzenia \u015bledztwa &#8211; Przest\u0119pczo\u015b\u0107 zorganizowana&#8221;][\/vc_column][\/vc_row][vc_row][vc_column][td_block_2 [&hellip;]<\/p>\n","protected":false},"author":1,"featured_media":0,"parent":0,"menu_order":0,"comment_status":"closed","ping_status":"closed","template":"","meta":{"footnotes":""},"class_list":["post-7","page","type-page","status-publish","hentry"],"yoast_head":"<!-- This site is optimized with the Yoast SEO plugin v23.4 - https:\/\/yoast.com\/wordpress\/plugins\/seo\/ -->\n<title>Kancelaria Prawna - Kancelaria Prawna \/ Adwokat, Radca Prawny, Detektyw<\/title>\n<meta name=\"robots\" content=\"index, follow, max-snippet:-1, max-image-preview:large, max-video-preview:-1\" \/>\n<link rel=\"canonical\" href=\"https:\/\/veriv.eu\/index.php\/home-2\/\" \/>\n<meta property=\"og:locale\" content=\"pl_PL\" \/>\n<meta property=\"og:type\" content=\"article\" \/>\n<meta property=\"og:title\" content=\"Kancelaria Prawna - Kancelaria Prawna \/ Adwokat, Radca Prawny, Detektyw\" \/>\n<meta property=\"og:description\" content=\"[vc_row][vc_column][td_block_homepage_full_1 sort=&#8221;random_posts&#8221; category_id=&#8221;18&#8243;][\/vc_column][\/vc_row][vc_row][vc_column][\/vc_column][\/vc_row][vc_row][vc_column][td_block_big_grid_12 category_id=&#8221;24&#8243;][\/vc_column][\/vc_row][vc_row][vc_column][\/vc_column][\/vc_row][vc_row][vc_column][td_block_slide image_size=&#8221;&#8221; meta_info_vert=&#8221;content-vert-bottom&#8221; nav_icon_size=&#8221;eyJhbGwiOiI1NSIsInBvcnRyYWl0IjoiMzgifQ==&#8221; color_overlay=&#8221;eyJ0eXBlIjoiZ3JhZGllbnQiLCJjb2xvcjEiOiJyZ2JhKDAsMCwwLDApIiwiY29sb3IyIjoicmdiYSgwLDAsMCwwLjgpIiwibWl4ZWRDb2xvcnMiOlt7ImNvbG9yIjoicmdiYSgwLDAsMCwwKSIsInBlcmNlbnRhZ2UiOjUwfV0sImNzcyI6ImJhY2tncm91bmQ6IC13ZWJraXQtbGluZWFyLWdyYWRpZW50KDBkZWcscmdiYSgwLDAsMCwwLjgpLHJnYmEoMCwwLDAsMCkgNTAlLHJnYmEoMCwwLDAsMCkpO2JhY2tncm91bmQ6IGxpbmVhci1ncmFkaWVudCgwZGVnLHJnYmEoMCwwLDAsMC44KSxyZ2JhKDAsMCwwLDApIDUwJSxyZ2JhKDAsMCwwLDApKTsiLCJjc3NQYXJhbXMiOiIwZGVnLHJnYmEoMCwwLDAsMC44KSxyZ2JhKDAsMCwwLDApIDUwJSxyZ2JhKDAsMCwwLDApIn0=&#8221; limit=&#8221;100&#8243; sort=&#8221;random_posts&#8221; category_id=&#8221;27&#8243;][\/vc_column][\/vc_row][vc_row][vc_column][td_block_24 limit=&#8221;1&#8243; category_id=&#8221;21&#8243;][td_block_24 limit=&#8221;1&#8243; category_id=&#8221;23&#8243;][td_block_24 limit=&#8221;1&#8243; category_id=&#8221;61&#8243;][\/vc_column][\/vc_row][vc_row][vc_column][td_block_title title_tag=&#8221;h2&#8243; block_template_id=&#8221;td_block_template_17&#8243; header_color=&#8221;#1e73be&#8221; tdc_css=&#8221;eyJhbGwiOnsibWFyZ2luLWJvdHRvbSI6IjIwIiwiZGlzcGxheSI6IiJ9fQ==&#8221; bottom_border_color=&#8221;#eeee22&#8243; header_text_color=&#8221;#ffffff&#8221; top_border_color=&#8221;#dd3333&#8243; custom_title=&#8221;Informacje, wydarzenia TVPRESS.PL, \u015bledztwa dziennikarskie oraz afery \u0141owc\u00f3w Afer&#8221; custom_url=&#8221;www.tvpress.pl&#8221;][\/vc_column][\/vc_row][vc_row][vc_column width=&#8221;1\/2&#8243;][vc_column_text] [\/vc_column_text][\/vc_column][vc_column width=&#8221;1\/2&#8243;][vc_column_text] [\/vc_column_text][\/vc_column][\/vc_row][vc_row][vc_column][td_block_24 category_id=&#8221;37&#8243;][\/vc_column][\/vc_row][vc_row][vc_column][td_block_title title_tag=&#8221;h2&#8243; block_template_id=&#8221;td_block_template_17&#8243; header_color=&#8221;#1e73be&#8221; tdc_css=&#8221;eyJhbGwiOnsibWFyZ2luLWJvdHRvbSI6IjIwIiwiZGlzcGxheSI6IiJ9fQ==&#8221; bottom_border_color=&#8221;#eeee22&#8243; header_text_color=&#8221;#ffffff&#8221; top_border_color=&#8221;#dd3333&#8243; custom_title=&#8221;Prywatny Detektyw Veriv S.A, Dochodzenia \u015bledztwa &#8211; Przest\u0119pczo\u015b\u0107 zorganizowana&#8221;][\/vc_column][\/vc_row][vc_row][vc_column][td_block_2 [&hellip;]\" \/>\n<meta property=\"og:url\" content=\"https:\/\/veriv.eu\/index.php\/home-2\/\" \/>\n<meta property=\"og:site_name\" content=\"Kancelaria Prawna \/ Adwokat, Radca Prawny, Detektyw\" \/>\n<meta property=\"article:modified_time\" content=\"2021-12-30T16:40:30+00:00\" \/>\n<meta name=\"twitter:card\" content=\"summary_large_image\" \/>\n<meta name=\"twitter:label1\" content=\"Szacowany czas czytania\" \/>\n\t<meta name=\"twitter:data1\" content=\"5 minut\" \/>\n<script type=\"application\/ld+json\" class=\"yoast-schema-graph\">{\"@context\":\"https:\/\/schema.org\",\"@graph\":[{\"@type\":\"WebPage\",\"@id\":\"https:\/\/veriv.eu\/index.php\/home-2\/\",\"url\":\"https:\/\/veriv.eu\/index.php\/home-2\/\",\"name\":\"Kancelaria Prawna - Kancelaria Prawna \/ Adwokat, Radca Prawny, Detektyw\",\"isPartOf\":{\"@id\":\"https:\/\/veriv.eu\/#website\"},\"datePublished\":\"2019-04-22T15:12:00+00:00\",\"dateModified\":\"2021-12-30T16:40:30+00:00\",\"breadcrumb\":{\"@id\":\"https:\/\/veriv.eu\/index.php\/home-2\/#breadcrumb\"},\"inLanguage\":\"pl-PL\",\"potentialAction\":[{\"@type\":\"ReadAction\",\"target\":[\"https:\/\/veriv.eu\/index.php\/home-2\/\"]}]},{\"@type\":\"BreadcrumbList\",\"@id\":\"https:\/\/veriv.eu\/index.php\/home-2\/#breadcrumb\",\"itemListElement\":[{\"@type\":\"ListItem\",\"position\":1,\"name\":\"Strona g\u0142\u00f3wna\",\"item\":\"https:\/\/veriv.eu\/\"},{\"@type\":\"ListItem\",\"position\":2,\"name\":\"Kancelaria Prawna\"}]},{\"@type\":\"WebSite\",\"@id\":\"https:\/\/veriv.eu\/#website\",\"url\":\"https:\/\/veriv.eu\/\",\"name\":\"Kancelaria Prawna \/ Adwokat, Radca Prawny, Detektyw\",\"description\":\"Kancelaria Veriv\",\"potentialAction\":[{\"@type\":\"SearchAction\",\"target\":{\"@type\":\"EntryPoint\",\"urlTemplate\":\"https:\/\/veriv.eu\/?s={search_term_string}\"},\"query-input\":{\"@type\":\"PropertyValueSpecification\",\"valueRequired\":true,\"valueName\":\"search_term_string\"}}],\"inLanguage\":\"pl-PL\"}]}<\/script>\n<!-- \/ Yoast SEO plugin. -->","yoast_head_json":{"title":"Kancelaria Prawna - Kancelaria Prawna \/ Adwokat, Radca Prawny, Detektyw","robots":{"index":"index","follow":"follow","max-snippet":"max-snippet:-1","max-image-preview":"max-image-preview:large","max-video-preview":"max-video-preview:-1"},"canonical":"https:\/\/veriv.eu\/index.php\/home-2\/","og_locale":"pl_PL","og_type":"article","og_title":"Kancelaria Prawna - Kancelaria Prawna \/ Adwokat, Radca Prawny, Detektyw","og_description":"[vc_row][vc_column][td_block_homepage_full_1 sort=&#8221;random_posts&#8221; category_id=&#8221;18&#8243;][\/vc_column][\/vc_row][vc_row][vc_column][\/vc_column][\/vc_row][vc_row][vc_column][td_block_big_grid_12 category_id=&#8221;24&#8243;][\/vc_column][\/vc_row][vc_row][vc_column][\/vc_column][\/vc_row][vc_row][vc_column][td_block_slide image_size=&#8221;&#8221; meta_info_vert=&#8221;content-vert-bottom&#8221; nav_icon_size=&#8221;eyJhbGwiOiI1NSIsInBvcnRyYWl0IjoiMzgifQ==&#8221; color_overlay=&#8221;eyJ0eXBlIjoiZ3JhZGllbnQiLCJjb2xvcjEiOiJyZ2JhKDAsMCwwLDApIiwiY29sb3IyIjoicmdiYSgwLDAsMCwwLjgpIiwibWl4ZWRDb2xvcnMiOlt7ImNvbG9yIjoicmdiYSgwLDAsMCwwKSIsInBlcmNlbnRhZ2UiOjUwfV0sImNzcyI6ImJhY2tncm91bmQ6IC13ZWJraXQtbGluZWFyLWdyYWRpZW50KDBkZWcscmdiYSgwLDAsMCwwLjgpLHJnYmEoMCwwLDAsMCkgNTAlLHJnYmEoMCwwLDAsMCkpO2JhY2tncm91bmQ6IGxpbmVhci1ncmFkaWVudCgwZGVnLHJnYmEoMCwwLDAsMC44KSxyZ2JhKDAsMCwwLDApIDUwJSxyZ2JhKDAsMCwwLDApKTsiLCJjc3NQYXJhbXMiOiIwZGVnLHJnYmEoMCwwLDAsMC44KSxyZ2JhKDAsMCwwLDApIDUwJSxyZ2JhKDAsMCwwLDApIn0=&#8221; limit=&#8221;100&#8243; sort=&#8221;random_posts&#8221; category_id=&#8221;27&#8243;][\/vc_column][\/vc_row][vc_row][vc_column][td_block_24 limit=&#8221;1&#8243; category_id=&#8221;21&#8243;][td_block_24 limit=&#8221;1&#8243; category_id=&#8221;23&#8243;][td_block_24 limit=&#8221;1&#8243; category_id=&#8221;61&#8243;][\/vc_column][\/vc_row][vc_row][vc_column][td_block_title title_tag=&#8221;h2&#8243; block_template_id=&#8221;td_block_template_17&#8243; header_color=&#8221;#1e73be&#8221; tdc_css=&#8221;eyJhbGwiOnsibWFyZ2luLWJvdHRvbSI6IjIwIiwiZGlzcGxheSI6IiJ9fQ==&#8221; bottom_border_color=&#8221;#eeee22&#8243; header_text_color=&#8221;#ffffff&#8221; top_border_color=&#8221;#dd3333&#8243; custom_title=&#8221;Informacje, wydarzenia TVPRESS.PL, \u015bledztwa dziennikarskie oraz afery \u0141owc\u00f3w Afer&#8221; custom_url=&#8221;www.tvpress.pl&#8221;][\/vc_column][\/vc_row][vc_row][vc_column width=&#8221;1\/2&#8243;][vc_column_text] [\/vc_column_text][\/vc_column][vc_column width=&#8221;1\/2&#8243;][vc_column_text] [\/vc_column_text][\/vc_column][\/vc_row][vc_row][vc_column][td_block_24 category_id=&#8221;37&#8243;][\/vc_column][\/vc_row][vc_row][vc_column][td_block_title title_tag=&#8221;h2&#8243; block_template_id=&#8221;td_block_template_17&#8243; header_color=&#8221;#1e73be&#8221; tdc_css=&#8221;eyJhbGwiOnsibWFyZ2luLWJvdHRvbSI6IjIwIiwiZGlzcGxheSI6IiJ9fQ==&#8221; bottom_border_color=&#8221;#eeee22&#8243; header_text_color=&#8221;#ffffff&#8221; top_border_color=&#8221;#dd3333&#8243; custom_title=&#8221;Prywatny Detektyw Veriv S.A, Dochodzenia \u015bledztwa &#8211; Przest\u0119pczo\u015b\u0107 zorganizowana&#8221;][\/vc_column][\/vc_row][vc_row][vc_column][td_block_2 [&hellip;]","og_url":"https:\/\/veriv.eu\/index.php\/home-2\/","og_site_name":"Kancelaria Prawna \/ Adwokat, Radca Prawny, Detektyw","article_modified_time":"2021-12-30T16:40:30+00:00","twitter_card":"summary_large_image","twitter_misc":{"Szacowany czas czytania":"5 minut"},"schema":{"@context":"https:\/\/schema.org","@graph":[{"@type":"WebPage","@id":"https:\/\/veriv.eu\/index.php\/home-2\/","url":"https:\/\/veriv.eu\/index.php\/home-2\/","name":"Kancelaria Prawna - Kancelaria Prawna \/ Adwokat, Radca Prawny, Detektyw","isPartOf":{"@id":"https:\/\/veriv.eu\/#website"},"datePublished":"2019-04-22T15:12:00+00:00","dateModified":"2021-12-30T16:40:30+00:00","breadcrumb":{"@id":"https:\/\/veriv.eu\/index.php\/home-2\/#breadcrumb"},"inLanguage":"pl-PL","potentialAction":[{"@type":"ReadAction","target":["https:\/\/veriv.eu\/index.php\/home-2\/"]}]},{"@type":"BreadcrumbList","@id":"https:\/\/veriv.eu\/index.php\/home-2\/#breadcrumb","itemListElement":[{"@type":"ListItem","position":1,"name":"Strona g\u0142\u00f3wna","item":"https:\/\/veriv.eu\/"},{"@type":"ListItem","position":2,"name":"Kancelaria Prawna"}]},{"@type":"WebSite","@id":"https:\/\/veriv.eu\/#website","url":"https:\/\/veriv.eu\/","name":"Kancelaria Prawna \/ Adwokat, Radca Prawny, Detektyw","description":"Kancelaria Veriv","potentialAction":[{"@type":"SearchAction","target":{"@type":"EntryPoint","urlTemplate":"https:\/\/veriv.eu\/?s={search_term_string}"},"query-input":{"@type":"PropertyValueSpecification","valueRequired":true,"valueName":"search_term_string"}}],"inLanguage":"pl-PL"}]}},"_links":{"self":[{"href":"https:\/\/veriv.eu\/index.php\/wp-json\/wp\/v2\/pages\/7","targetHints":{"allow":["GET"]}}],"collection":[{"href":"https:\/\/veriv.eu\/index.php\/wp-json\/wp\/v2\/pages"}],"about":[{"href":"https:\/\/veriv.eu\/index.php\/wp-json\/wp\/v2\/types\/page"}],"author":[{"embeddable":true,"href":"https:\/\/veriv.eu\/index.php\/wp-json\/wp\/v2\/users\/1"}],"replies":[{"embeddable":true,"href":"https:\/\/veriv.eu\/index.php\/wp-json\/wp\/v2\/comments?post=7"}],"version-history":[{"count":0,"href":"https:\/\/veriv.eu\/index.php\/wp-json\/wp\/v2\/pages\/7\/revisions"}],"wp:attachment":[{"href":"https:\/\/veriv.eu\/index.php\/wp-json\/wp\/v2\/media?parent=7"}],"curies":[{"name":"wp","href":"https:\/\/api.w.org\/{rel}","templated":true}]}}