{"id":139483,"date":"2019-10-07T09:40:03","date_gmt":"2019-10-07T07:40:03","guid":{"rendered":"https:\/\/veriv.eu\/?page_id=139483"},"modified":"2021-12-30T17:40:30","modified_gmt":"2021-12-30T16:40:30","slug":"oferta-dla-frankowiczow","status":"publish","type":"page","link":"https:\/\/veriv.eu\/index.php\/oferta-dla-frankowiczow\/","title":{"rendered":"Oferta dla Frankowicz\u00f3w"},"content":{"rendered":"<p>[vc_row][vc_column][vc_single_image image=&#8221;139530&#8243; img_size=&#8221;full&#8221; alignment=&#8221;center&#8221;][vc_text_separator title=&#8221;&#8221; i_icon_fontawesome=&#8221;fa fa-gavel&#8221; i_color=&#8221;sky&#8221; i_background_style=&#8221;rounded&#8221; i_size=&#8221;lg&#8221; color=&#8221;sky&#8221; border_width=&#8221;4&#8243; add_icon=&#8221;true&#8221;][vc_column_text]<\/p>\n<h4 style=\"text-align: center;\"><strong>TRYBUNA\u0141 SPRAWIEDLIWO\u015aCI UNII EUROPEJSKIEJ OPOWIEDZIA\u0141 SI\u0118 PO STRONIE FRANKOWICZ\u00d3W!<\/strong><\/h4>\n<p>[\/vc_column_text][vc_text_separator title=&#8221;&#8221; color=&#8221;sky&#8221; border_width=&#8221;4&#8243;][vc_column_text css=&#8221;.vc_custom_1570437217299{padding-top: 5px !important;padding-bottom: 30px !important;background-color: #ff0000 !important;}&#8221;]<\/p>\n<blockquote>\n<h2 style=\"text-align: center;\"><span style=\"color: #ffffff;\"><strong>POMO\u017bEMY ODZYSKA\u0106 CI TWOJE PIENI\u0104DZE<\/strong><\/span><\/h2>\n<\/blockquote>\n<p>[\/vc_column_text][\/vc_column][\/vc_row][vc_row el_class=&#8221;aboutme_content&#8221;][vc_column width=&#8221;1\/2&#8243;][vc_column_text]<\/p>\n<h5><span style=\"color: #0091ff;\"><strong>FRANKOWICZU!<br \/>\nWype\u0142nij formularz i otrzymaj BEZP\u0141ATN\u0104 analiz\u0119 Twojej sprawy!<\/strong><\/span><\/h5>\n<p>[\/vc_column_text][vc_column_text]<p class=\"wpcf7-contact-form-not-found\"><strong>B\u0142\u0105d:<\/strong> Brak formularza kontaktowego.<\/p>[\/vc_column_text][\/vc_column][vc_column width=&#8221;1\/2&#8243;][vc_column_text]<span class=\"dropcap dropcap3\" style=\"color: #cb9558;\">W<\/span>czwartek, 3 pa\u017adziernika 2019 roku, Trybuna\u0142 Sprawiedliwo\u015bci Unii Europejskiej wyda\u0142 orzeczenie w sprawie C-260\/18 Dziubak dotycz\u0105cym polskich kredyt\u00f3w we \u201efrankach\u201d! Trybuna\u0142 przyzna\u0142, \u017ce je\u015bli mechanizm przeliczania do franka jest nieuczciwy \u2013 musi zosta\u0107 usuni\u0119ty z umowy! Polski s\u0105d nie mo\u017ce go zast\u0105pi\u0107 innym zapisem.<\/p>\n<p><strong>To frankowicz b\u0119dzie decydowa\u0142 co jest dla niego korzystne i to na dzie\u0144 zapadania wyroku!<br \/>\n<\/strong><br \/>\nJakie mog\u0105 by\u0107 konsekwencje zapad\u0142ego wyroku dla Kredytobiorcy?<br \/>\nZ uwagi na to, \u017ce polskie s\u0105dy zobowi\u0105zane s\u0105 uwzgl\u0119dnia\u0107 to orzeczenie wydaj\u0105c wyroki w sprawach frankowych to:<\/p>\n<p><strong>W przypadku kredyt\u00f3w indeksowanych:<\/strong><\/p>\n<ul>\n<li>Kredyt staje si\u0119 kredytem z\u0142ot\u00f3wkowym, a oprocentowanie zostaje LIBOR a zatem niskie<\/li>\n<li>bank zobowi\u0105zany jest zwr\u00f3ci\u0107 nadp\u0142acone przez frankowicza \u015brodki<\/li>\n<li>spadnie wysoko\u015b\u0107 raty kredytu<\/li>\n<li>spadnie wysoko\u015b\u0107 zad\u0142u\u017cenia w banku<\/li>\n<\/ul>\n<p><strong>W przypadku kredyt\u00f3w denominowanych:<\/strong><\/p>\n<ul>\n<li>w wypadku uniewa\u017cnienia takiej umowy bank zwraca wszystko co wp\u0142aci\u0142e\u015b tj. raty, prowizje, ubezpieczenia<\/li>\n<li>musisz odda\u0107 do banku tylko nominaln\u0105 kwot\u0119 kredytu (oddajesz tyle z\u0142ot\u00f3wek ile otrzyma\u0142e\u015b<\/li>\n<\/ul>\n<p>[\/vc_column_text][\/vc_column][\/vc_row][vc_row][vc_column][vc_column_text css=&#8221;.vc_custom_1570437771414{padding-top: 5px !important;padding-bottom: 30px !important;background-color: #ff0000 !important;}&#8221;]<\/p>\n<blockquote>\n<h2 style=\"text-align: center;\"><span style=\"color: #ffffff;\"><strong>ZAPEWNIAMY BEZP\u0141ATN\u0104 ANALIZ\u0118 UMOWY KREDYTU<\/strong><\/span><\/h2>\n<\/blockquote>\n<p>[\/vc_column_text][\/vc_column][\/vc_row][vc_row el_class=&#8221;aboutme_content&#8221;][vc_column width=&#8221;1\/2&#8243;][vc_column_text]<span class=\"dropcap dropcap3\" style=\"color: #cb9558;\">J<\/span><strong>aki koszt poniesie Kredytobiorca za prowadzenie sprawy przez nasz\u0105 Kancelari\u0119?<\/strong><\/p>\n<p>Nasza Kancelaria zapewnia kompleksow\u0105 obs\u0142ug\u0119 Pa\u0144stwa sprawy na kt\u00f3r\u0105 sk\u0142adaj\u0105 si\u0119 m.in. podj\u0119cie czynno\u015bci zmierzaj\u0105cych do uzyskania zwrotu nadp\u0142aconych rat, sk\u0142adek ubezpieczenia niskiego wk\u0142adu w\u0142asnego i ubezpieczenia pomostowego, a tak\u017ce zmniejszenia salda zad\u0142u\u017cenia w przysz\u0142o\u015bci.<\/p>\n<p>Po zawarciu umowy gwarantujemy Pa\u0144stwu reprezentacj\u0119 zar\u00f3wno w post\u0119powaniu przeds\u0105dowym jaki i s\u0105dowym oraz egzekucyjnym do momenty ca\u0142kowitego odzyskania nale\u017cnych \u015bwiadcze\u0144.<\/p>\n<p><strong>Wynagrodzenie naszej kancelarii sk\u0142ada si\u0119 z dw\u00f3ch cz\u0119\u015bci:<\/strong><\/p>\n<ul>\n<li>Op\u0142aty wst\u0119pnej oraz procentowej od uzyskanych \u015bwiadcze\u0144.<\/li>\n<li>Szczeg\u00f3\u0142owa oferta zostanie Pa\u0144stwu przedstawiona na um\u00f3wionym spotkaniu lub w drodze mailowej.<\/li>\n<\/ul>\n<p><strong>Jak\u0105 mamy gwarancj\u0119 wygrania sprawy?<\/strong><\/p>\n<p>Kompletna analiza Pa\u0144stwa sprawy odbywa si\u0119 na kilku szczeblach naszego post\u0119powania. Okoliczno\u015bci Pa\u0144stwa sprawy analizujemy przed zawarciem umowy, po jej przyj\u0119ciu do prowadzenia, po uzyskaniu kompletnej dokumentacji z banku oraz przed z\u0142o\u017ceniem pozwu do s\u0105du. W ka\u017cdym z nich staramy si\u0119 wykluczy\u0107 przes\u0142anki negatywne kt\u00f3re by uniemo\u017cliwia\u0142y dochodzenie roszcze\u0144 z tytu\u0142u zawartej umowy kredytowej.<\/p>\n<p>Je\u015bli takie negatywne przes\u0142anki wyst\u0105pi\u0105 w Pa\u0144stwa sprawie, to informujemy Pa\u0144stwa o ryzyku i wsp\u00f3lnie ustalamy dalsz\u0105 strategi\u0119 oraz podj\u0119cie dalszych czynno\u015bci. W przypadku pozytywnej weryfikacji rekomendujemy skierowanie sprawy na drog\u0119 post\u0119powania s\u0105dowego, poniewa\u017c obecnie tylko ta droga daje mo\u017cliwo\u015b\u0107 wygrania z bankiem.<\/p>\n<p>Uwzgl\u0119dniaj\u0105c ukszta\u0142towane orzecznictwo w sprawach dotycz\u0105cych kredyt\u00f3w frankowych, uzyskanie korzystnego wyroku jest wysoce prawdopodobne.<\/p>\n<p>Oczywi\u015bcie post\u0119powanie s\u0105dowe zawsze obarczone jest pewnym ryzykiem, niemniej jednak bierno\u015b\u0107 w sprawie powoduje, \u017ce w dalszym ci\u0105gi kredyt sp\u0142acany jest w oparciu o wy\u017cszy kapita\u0142 ni\u017c w rzeczywisto\u015bci otrzymali Pa\u0144stwo do dyspozycji od banku i przedawniaj\u0105 si\u0119 Pa\u0144stwu kolejne nadp\u0142acone raty, kt\u00f3rych nie da si\u0119 ju\u017c odzyska\u0107.[\/vc_column_text][\/vc_column][vc_column width=&#8221;1\/2&#8243;][vc_column_text]<span class=\"dropcap dropcap3\" style=\"color: #cb9558;\">C<\/span><strong>zy bank mo\u017ce wypowiedzie\u0107 umow\u0119 kredytow\u0105 po skierowaniu sprawy na drog\u0119 post\u0119powania s\u0105dowego?<\/strong><\/p>\n<p>Dochodzenie roszcze\u0144 w drodze post\u0119powania s\u0105dowego z tytu\u0142u zawartej umowy kredytowej nie stanowi przes\u0142anki do jej wypowiedzenia.<\/p>\n<p>W umowie znajduje si\u0119 katalog okoliczno\u015bci kt\u00f3re daj\u0105 bankowi podstaw\u0119 do rozwi\u0105zania umowy z klientem. Jednym z nich s\u0105 zaleg\u0142o\u015bci w sp\u0142acie rat. W przypadku gdy zobowi\u0105zania s\u0105 sp\u0142acane nie ma podstaw do jej wypowiedzenia.<\/p>\n<p><strong>Czy umowa kredytowa mo\u017ce zosta\u0107 przewalutowana?<\/strong><\/p>\n<p>Przewalutowanie kredytu na polskie z\u0142ote nie jest korzystnym rozwi\u0105zaniem, z uwagi na to, \u017ce kredytobiorca uznaje swoje zobowi\u0105zanie wobec banku wyra\u017cone w walucie obcej, a aktualne saldo zad\u0142u\u017cenia jest przeliczone po obecnym kursie frank\u00f3w szwajcarskich. Nast\u0119pnie Kredytobiorca sp\u0142aca kredyt w walucie polskiej w oparciu o WIBOR+mar\u017ca, zatem wysoko\u015b\u0107 jego raty wzrasta.<\/p>\n<p>Nasza kancelaria d\u0105\u017cy do odfrankowienia umowy kredytowej, czyli usuni\u0119cia klauzuli indeksacyjnej z umowy i w oparciu o to zwrotu nadp\u0142aconych rat oraz zmniejszenia salda zad\u0142u\u017cenia. W efekcie Kredytobiorca sp\u0142aca kredyt wed\u0142ug rzeczywi\u015bcie wyp\u0142aconego kapita\u0142u w z\u0142otych polskich, uwzgl\u0119dniaj\u0105c dotychczas sp\u0142acony kapita\u0142. Oprocentowanie pozostaje na stawce LIBOR+mar\u017ca, zatem wysoko\u015b\u0107 raty maleje.<\/p>\n<p><strong>W sprawach prowadzonych przez nasz\u0105 Kancelari\u0119, w zale\u017cno\u015bci od rodzaju umowy kredytowej i indywidualnej sytuacji klienta, precyzujemy roszczenia z tytu\u0142u: <\/strong><\/p>\n<ul>\n<li>zwrotu nadp\u0142aconych rat,<\/li>\n<li>op\u0142at uiszczonych przez kredytobiorc\u00f3w na ubezpieczenie niskiego wk\u0142adu w\u0142asnego, nienale\u017cnie op\u0142aconych na ubezpieczenie pomostowe,<\/li>\n<li>uniewa\u017cnienia umowy kredytowej (alternatywnie, w uzasadnionych przypadkach).<\/li>\n<\/ul>\n<p>[\/vc_column_text][vc_btn title=&#8221;Zadzwo\u0144 teraz tel: 602 511 511&#8243; color=&#8221;peacoc&#8221; i_icon_fontawesome=&#8221;fa fa-phone-square&#8221; add_icon=&#8221;true&#8221;][\/vc_column][\/vc_row][vc_row][vc_column][vc_column_text css=&#8221;.vc_custom_1570439266688{padding-top: 5px !important;padding-bottom: 30px !important;background-color: #ff0000 !important;}&#8221;]<\/p>\n<blockquote>\n<h2 style=\"text-align: center;\"><span style=\"color: #ffffff;\"><strong>Oferujemy Pa\u0144stwu kompleksow\u0105 i profesjonaln\u0105 pomoc w dochodzeniu roszcze\u0144 z um\u00f3w kredytowych.<br \/>\nSkontaktuj si\u0119 z nami i sprawd\u017a, jak mo\u017cemy Ci pom\u00f3c.<br \/>\n<\/strong><\/span><\/h2>\n<\/blockquote>\n<p>[\/vc_column_text][\/vc_column][\/vc_row]<\/p>\n","protected":false},"excerpt":{"rendered":"<p>[vc_row][vc_column][vc_single_image image=&#8221;139530&#8243; img_size=&#8221;full&#8221; alignment=&#8221;center&#8221;][vc_text_separator title=&#8221;&#8221; i_icon_fontawesome=&#8221;fa fa-gavel&#8221; i_color=&#8221;sky&#8221; i_background_style=&#8221;rounded&#8221; i_size=&#8221;lg&#8221; color=&#8221;sky&#8221; border_width=&#8221;4&#8243; add_icon=&#8221;true&#8221;][vc_column_text] TRYBUNA\u0141 SPRAWIEDLIWO\u015aCI UNII EUROPEJSKIEJ OPOWIEDZIA\u0141 SI\u0118 PO STRONIE FRANKOWICZ\u00d3W! [\/vc_column_text][vc_text_separator title=&#8221;&#8221; color=&#8221;sky&#8221; border_width=&#8221;4&#8243;][vc_column_text css=&#8221;.vc_custom_1570437217299{padding-top: 5px !important;padding-bottom: 30px !important;background-color: #ff0000 !important;}&#8221;] POMO\u017bEMY ODZYSKA\u0106 CI TWOJE PIENI\u0104DZE [\/vc_column_text][\/vc_column][\/vc_row][vc_row el_class=&#8221;aboutme_content&#8221;][vc_column width=&#8221;1\/2&#8243;][vc_column_text] FRANKOWICZU! Wype\u0142nij formularz i otrzymaj BEZP\u0141ATN\u0104 analiz\u0119 Twojej sprawy! [\/vc_column_text][vc_column_text][\/vc_column_text][\/vc_column][vc_column width=&#8221;1\/2&#8243;][vc_column_text]Wczwartek, 3 pa\u017adziernika 2019 [&hellip;]<\/p>\n","protected":false},"author":1,"featured_media":0,"parent":0,"menu_order":0,"comment_status":"closed","ping_status":"closed","template":"","meta":{"footnotes":""},"class_list":["post-139483","page","type-page","status-publish","hentry"],"yoast_head":"<!-- This site is optimized with the Yoast SEO plugin v23.4 - https:\/\/yoast.com\/wordpress\/plugins\/seo\/ -->\n<title>Oferta dla Frankowicz\u00f3w - Kancelaria Prawna \/ Adwokat, Radca Prawny, Detektyw<\/title>\n<meta name=\"robots\" content=\"index, follow, max-snippet:-1, max-image-preview:large, max-video-preview:-1\" \/>\n<link rel=\"canonical\" href=\"https:\/\/veriv.eu\/index.php\/oferta-dla-frankowiczow\/\" \/>\n<meta property=\"og:locale\" content=\"pl_PL\" \/>\n<meta property=\"og:type\" content=\"article\" \/>\n<meta property=\"og:title\" content=\"Oferta dla Frankowicz\u00f3w - Kancelaria Prawna \/ Adwokat, Radca Prawny, Detektyw\" \/>\n<meta property=\"og:description\" content=\"[vc_row][vc_column][vc_single_image image=&#8221;139530&#8243; img_size=&#8221;full&#8221; alignment=&#8221;center&#8221;][vc_text_separator title=&#8221;&#8221; i_icon_fontawesome=&#8221;fa fa-gavel&#8221; i_color=&#8221;sky&#8221; i_background_style=&#8221;rounded&#8221; i_size=&#8221;lg&#8221; color=&#8221;sky&#8221; border_width=&#8221;4&#8243; add_icon=&#8221;true&#8221;][vc_column_text] TRYBUNA\u0141 SPRAWIEDLIWO\u015aCI UNII EUROPEJSKIEJ OPOWIEDZIA\u0141 SI\u0118 PO STRONIE FRANKOWICZ\u00d3W! [\/vc_column_text][vc_text_separator title=&#8221;&#8221; color=&#8221;sky&#8221; border_width=&#8221;4&#8243;][vc_column_text css=&#8221;.vc_custom_1570437217299{padding-top: 5px !important;padding-bottom: 30px !important;background-color: #ff0000 !important;}&#8221;] POMO\u017bEMY ODZYSKA\u0106 CI TWOJE PIENI\u0104DZE [\/vc_column_text][\/vc_column][\/vc_row][vc_row el_class=&#8221;aboutme_content&#8221;][vc_column width=&#8221;1\/2&#8243;][vc_column_text] FRANKOWICZU! Wype\u0142nij formularz i otrzymaj BEZP\u0141ATN\u0104 analiz\u0119 Twojej sprawy! [\/vc_column_text][vc_column_text][\/vc_column_text][\/vc_column][vc_column width=&#8221;1\/2&#8243;][vc_column_text]Wczwartek, 3 pa\u017adziernika 2019 [&hellip;]\" \/>\n<meta property=\"og:url\" content=\"https:\/\/veriv.eu\/index.php\/oferta-dla-frankowiczow\/\" \/>\n<meta property=\"og:site_name\" content=\"Kancelaria Prawna \/ Adwokat, Radca Prawny, Detektyw\" \/>\n<meta property=\"article:modified_time\" content=\"2021-12-30T16:40:30+00:00\" \/>\n<meta name=\"twitter:card\" content=\"summary_large_image\" \/>\n<meta name=\"twitter:label1\" content=\"Szacowany czas czytania\" \/>\n\t<meta name=\"twitter:data1\" content=\"5 minut\" \/>\n<script type=\"application\/ld+json\" class=\"yoast-schema-graph\">{\"@context\":\"https:\/\/schema.org\",\"@graph\":[{\"@type\":\"WebPage\",\"@id\":\"https:\/\/veriv.eu\/index.php\/oferta-dla-frankowiczow\/\",\"url\":\"https:\/\/veriv.eu\/index.php\/oferta-dla-frankowiczow\/\",\"name\":\"Oferta dla Frankowicz\u00f3w - Kancelaria Prawna \/ Adwokat, Radca Prawny, Detektyw\",\"isPartOf\":{\"@id\":\"https:\/\/veriv.eu\/#website\"},\"datePublished\":\"2019-10-07T07:40:03+00:00\",\"dateModified\":\"2021-12-30T16:40:30+00:00\",\"breadcrumb\":{\"@id\":\"https:\/\/veriv.eu\/index.php\/oferta-dla-frankowiczow\/#breadcrumb\"},\"inLanguage\":\"pl-PL\",\"potentialAction\":[{\"@type\":\"ReadAction\",\"target\":[\"https:\/\/veriv.eu\/index.php\/oferta-dla-frankowiczow\/\"]}]},{\"@type\":\"BreadcrumbList\",\"@id\":\"https:\/\/veriv.eu\/index.php\/oferta-dla-frankowiczow\/#breadcrumb\",\"itemListElement\":[{\"@type\":\"ListItem\",\"position\":1,\"name\":\"Strona g\u0142\u00f3wna\",\"item\":\"https:\/\/veriv.eu\/\"},{\"@type\":\"ListItem\",\"position\":2,\"name\":\"Oferta dla Frankowicz\u00f3w\"}]},{\"@type\":\"WebSite\",\"@id\":\"https:\/\/veriv.eu\/#website\",\"url\":\"https:\/\/veriv.eu\/\",\"name\":\"Kancelaria Prawna \/ Adwokat, Radca Prawny, Detektyw\",\"description\":\"Kancelaria Veriv\",\"potentialAction\":[{\"@type\":\"SearchAction\",\"target\":{\"@type\":\"EntryPoint\",\"urlTemplate\":\"https:\/\/veriv.eu\/?s={search_term_string}\"},\"query-input\":{\"@type\":\"PropertyValueSpecification\",\"valueRequired\":true,\"valueName\":\"search_term_string\"}}],\"inLanguage\":\"pl-PL\"}]}<\/script>\n<!-- \/ Yoast SEO plugin. -->","yoast_head_json":{"title":"Oferta dla Frankowicz\u00f3w - Kancelaria Prawna \/ Adwokat, Radca Prawny, Detektyw","robots":{"index":"index","follow":"follow","max-snippet":"max-snippet:-1","max-image-preview":"max-image-preview:large","max-video-preview":"max-video-preview:-1"},"canonical":"https:\/\/veriv.eu\/index.php\/oferta-dla-frankowiczow\/","og_locale":"pl_PL","og_type":"article","og_title":"Oferta dla Frankowicz\u00f3w - Kancelaria Prawna \/ Adwokat, Radca Prawny, Detektyw","og_description":"[vc_row][vc_column][vc_single_image image=&#8221;139530&#8243; img_size=&#8221;full&#8221; alignment=&#8221;center&#8221;][vc_text_separator title=&#8221;&#8221; i_icon_fontawesome=&#8221;fa fa-gavel&#8221; i_color=&#8221;sky&#8221; i_background_style=&#8221;rounded&#8221; i_size=&#8221;lg&#8221; color=&#8221;sky&#8221; border_width=&#8221;4&#8243; add_icon=&#8221;true&#8221;][vc_column_text] TRYBUNA\u0141 SPRAWIEDLIWO\u015aCI UNII EUROPEJSKIEJ OPOWIEDZIA\u0141 SI\u0118 PO STRONIE FRANKOWICZ\u00d3W! [\/vc_column_text][vc_text_separator title=&#8221;&#8221; color=&#8221;sky&#8221; border_width=&#8221;4&#8243;][vc_column_text css=&#8221;.vc_custom_1570437217299{padding-top: 5px !important;padding-bottom: 30px !important;background-color: #ff0000 !important;}&#8221;] POMO\u017bEMY ODZYSKA\u0106 CI TWOJE PIENI\u0104DZE [\/vc_column_text][\/vc_column][\/vc_row][vc_row el_class=&#8221;aboutme_content&#8221;][vc_column width=&#8221;1\/2&#8243;][vc_column_text] FRANKOWICZU! Wype\u0142nij formularz i otrzymaj BEZP\u0141ATN\u0104 analiz\u0119 Twojej sprawy! [\/vc_column_text][vc_column_text][\/vc_column_text][\/vc_column][vc_column width=&#8221;1\/2&#8243;][vc_column_text]Wczwartek, 3 pa\u017adziernika 2019 [&hellip;]","og_url":"https:\/\/veriv.eu\/index.php\/oferta-dla-frankowiczow\/","og_site_name":"Kancelaria Prawna \/ Adwokat, Radca Prawny, Detektyw","article_modified_time":"2021-12-30T16:40:30+00:00","twitter_card":"summary_large_image","twitter_misc":{"Szacowany czas czytania":"5 minut"},"schema":{"@context":"https:\/\/schema.org","@graph":[{"@type":"WebPage","@id":"https:\/\/veriv.eu\/index.php\/oferta-dla-frankowiczow\/","url":"https:\/\/veriv.eu\/index.php\/oferta-dla-frankowiczow\/","name":"Oferta dla Frankowicz\u00f3w - Kancelaria Prawna \/ Adwokat, Radca Prawny, Detektyw","isPartOf":{"@id":"https:\/\/veriv.eu\/#website"},"datePublished":"2019-10-07T07:40:03+00:00","dateModified":"2021-12-30T16:40:30+00:00","breadcrumb":{"@id":"https:\/\/veriv.eu\/index.php\/oferta-dla-frankowiczow\/#breadcrumb"},"inLanguage":"pl-PL","potentialAction":[{"@type":"ReadAction","target":["https:\/\/veriv.eu\/index.php\/oferta-dla-frankowiczow\/"]}]},{"@type":"BreadcrumbList","@id":"https:\/\/veriv.eu\/index.php\/oferta-dla-frankowiczow\/#breadcrumb","itemListElement":[{"@type":"ListItem","position":1,"name":"Strona g\u0142\u00f3wna","item":"https:\/\/veriv.eu\/"},{"@type":"ListItem","position":2,"name":"Oferta dla Frankowicz\u00f3w"}]},{"@type":"WebSite","@id":"https:\/\/veriv.eu\/#website","url":"https:\/\/veriv.eu\/","name":"Kancelaria Prawna \/ Adwokat, Radca Prawny, Detektyw","description":"Kancelaria Veriv","potentialAction":[{"@type":"SearchAction","target":{"@type":"EntryPoint","urlTemplate":"https:\/\/veriv.eu\/?s={search_term_string}"},"query-input":{"@type":"PropertyValueSpecification","valueRequired":true,"valueName":"search_term_string"}}],"inLanguage":"pl-PL"}]}},"_links":{"self":[{"href":"https:\/\/veriv.eu\/index.php\/wp-json\/wp\/v2\/pages\/139483","targetHints":{"allow":["GET"]}}],"collection":[{"href":"https:\/\/veriv.eu\/index.php\/wp-json\/wp\/v2\/pages"}],"about":[{"href":"https:\/\/veriv.eu\/index.php\/wp-json\/wp\/v2\/types\/page"}],"author":[{"embeddable":true,"href":"https:\/\/veriv.eu\/index.php\/wp-json\/wp\/v2\/users\/1"}],"replies":[{"embeddable":true,"href":"https:\/\/veriv.eu\/index.php\/wp-json\/wp\/v2\/comments?post=139483"}],"version-history":[{"count":0,"href":"https:\/\/veriv.eu\/index.php\/wp-json\/wp\/v2\/pages\/139483\/revisions"}],"wp:attachment":[{"href":"https:\/\/veriv.eu\/index.php\/wp-json\/wp\/v2\/media?parent=139483"}],"curies":[{"name":"wp","href":"https:\/\/api.w.org\/{rel}","templated":true}]}}